{"id":3605,"date":"2025-06-19T12:40:08","date_gmt":"2025-06-19T12:40:08","guid":{"rendered":"https:\/\/enkidumedia.com\/?page_id=3605"},"modified":"2025-06-19T13:16:35","modified_gmt":"2025-06-19T13:16:35","slug":"politica-de-utilizare-cookie","status":"publish","type":"page","link":"https:\/\/enkidumedia.com\/en\/politica-de-utilizare-cookie\/","title":{"rendered":"Politica de utilizare cookie"},"content":{"rendered":"<div data-elementor-type=\"wp-page\" data-elementor-id=\"3605\" class=\"elementor elementor-3605\">\n\t\t\t\t\t\t\t<div class=\"elementor-element elementor-element-f522a2b e-container--column e-container\" data-id=\"f522a2b\" data-element_type=\"container\">\t\t\t\t<div class=\"elementor-element elementor-element-139a988 elementor-widget elementor-widget-heading\" data-id=\"139a988\" data-element_type=\"widget\" data-widget_type=\"heading.default\">\n\t\t\t\t<div class=\"elementor-widget-container\">\n\t\t\t<style>\/*! elementor - v3.7.8 - 02-10-2022 *\/\n.elementor-heading-title{padding:0;margin:0;line-height:1}.elementor-widget-heading .elementor-heading-title[class*=elementor-size-]>a{color:inherit;font-size:inherit;line-height:inherit}.elementor-widget-heading .elementor-heading-title.elementor-size-small{font-size:15px}.elementor-widget-heading .elementor-heading-title.elementor-size-medium{font-size:19px}.elementor-widget-heading .elementor-heading-title.elementor-size-large{font-size:29px}.elementor-widget-heading .elementor-heading-title.elementor-size-xl{font-size:39px}.elementor-widget-heading .elementor-heading-title.elementor-size-xxl{font-size:59px}<\/style><h2 class=\"elementor-heading-title elementor-size-default\">Politica de utilizare cookie<\/h2>\t\t<\/div>\n\t\t\t\t<\/div>\n\t\t\t\t<div class=\"elementor-element elementor-element-a9f0a89 elementor-widget elementor-widget-text-editor\" data-id=\"a9f0a89\" data-element_type=\"widget\" data-widget_type=\"text-editor.default\">\n\t\t\t\t<div class=\"elementor-widget-container\">\n\t\t\t<style>\/*! elementor - v3.7.8 - 02-10-2022 *\/\n.elementor-widget-text-editor.elementor-drop-cap-view-stacked .elementor-drop-cap{background-color:#818a91;color:#fff}.elementor-widget-text-editor.elementor-drop-cap-view-framed .elementor-drop-cap{color:#818a91;border:3px solid;background-color:transparent}.elementor-widget-text-editor:not(.elementor-drop-cap-view-default) .elementor-drop-cap{margin-top:8px}.elementor-widget-text-editor:not(.elementor-drop-cap-view-default) .elementor-drop-cap-letter{width:1em;height:1em}.elementor-widget-text-editor .elementor-drop-cap{float:left;text-align:center;line-height:1;font-size:50px}.elementor-widget-text-editor .elementor-drop-cap-letter{display:inline-block}<\/style>\t\t\t\t<style>\n    a.cky-banner-element {\n        padding: 8px 30px;\n        background: #F8F9FA;\n        color: #858A8F;\n        border: 1px solid #DEE2E6;\n        box-sizing: border-box;\n        border-radius: 2px;\n        cursor: pointer;\n}\n<\/style>\n<h1 class=\"cookie-policy-h1\"><\/h1>\n<p>\n    Data intr\u0103rii \u00een vigoare: 19 iun-2025<br>\n    Ultima actualizare: 19-iun-2025\n<\/p>\n\n&nbsp;\n<h5>Ce sunt modulele cookie?<\/h5>\n<div class=\"cookie-policy-p\"><p>Aceast\u0103 politic\u0103 privind modulele cookie explic\u0103 ce sunt modulele cookie \u0219i cum le folosim, tipurile de module cookie pe care le folosim, adic\u0103 informa\u021biile pe care le colect\u0103m cu ajutorul modulelor cookie \u0219i cum sunt folosite aceste informa\u021bii, precum \u0219i modul de gestionare a set\u0103rilor modulelor cookie.<\/p> <p>Modulele cookie sunt fi\u0219iere text de mici dimensiuni care sunt utilizate pentru a stoca fragmente mici de informa\u021bii. Acestea sunt stocate pe dispozitivul dumneavoastr\u0103 atunci c\u00e2nd site-ul web este \u00eenc\u0103rcat pe browserul dumneavoastr\u0103. Aceste module cookie ne ajut\u0103 s\u0103 facem site-ul web s\u0103 func\u021bioneze corect, s\u0103 \u00eel facem mai sigur, s\u0103 oferim o experien\u021b\u0103 mai bun\u0103 utilizatorului \u0219i s\u0103 \u00een\u021belegem cum func\u021bioneaz\u0103 site-ul web \u0219i s\u0103 analiz\u0103m ce func\u021bioneaz\u0103 \u0219i unde trebuie \u00eembun\u0103t\u0103\u021bit.<\/p><\/div>\n\n&nbsp;\n<h5>Cum folosim modulele cookie?<\/h5>\n<div class=\"cookie-policy-p\"><p>La fel ca majoritatea serviciilor online, site-ul nostru utilizeaz\u0103 module cookie de la prima parte \u0219i de la ter\u021bi \u00een mai multe scopuri. Modulele cookie de prim\u0103 parte sunt necesare \u00een cea mai mare parte pentru ca site-ul web s\u0103 func\u021bioneze corect \u0219i nu colecteaz\u0103 niciun fel de date de identificare personal\u0103.<\/p> <p>Modulele cookie ter\u021b\u0103 parte utilizate pe site-ul nostru sunt utilizate \u00een principal pentru a \u00een\u021belege modul \u00een care func\u021bioneaz\u0103 site-ul, modul \u00een care interac\u021biona\u021bi cu site-ul nostru, pentru a men\u021bine securitatea serviciilor noastre, pentru a furniza reclame care sunt relevante pentru dvs. \u0219i, \u00een general, pentru a v\u0103 oferi o experien\u021b\u0103 de utilizare mai bun\u0103 \u0219i \u00eembun\u0103t\u0103\u021bit\u0103 \u0219i pentru a contribui la accelerarea interac\u021biunilor dvs. viitoare cu site-ul nostru.<\/p><\/div>\n\n&nbsp;\n    <h5>Tipuri de module cookie pe care le utiliz\u0103m<\/h5>\n\n    <div class=\"cky-audit-table-element\"><\/div>\n\n&nbsp;\n    <h5 style=\"margin-bottom:20px;\">Gestionarea preferin\u021belor cookie<\/h5>\n\n    <a class=\"cky-banner-element\">Cookie Settings<\/a> <br\/>\n\n    <div><p>V\u0103 pute\u021bi schimba preferin\u021bele privind modulele cookie \u00een orice moment f\u0103c\u00e2nd clic pe butonul de mai sus. Acest lucru v\u0103 va permite s\u0103 reveni\u021bi la bannerul de consim\u021b\u0103m\u00e2nt privind cookie-urile \u0219i s\u0103 v\u0103 modifica\u021bi preferin\u021bele sau s\u0103 v\u0103 retrage\u021bi consim\u021b\u0103m\u00e2ntul imediat.<\/p><p>\u00cen plus, diferite browsere ofer\u0103 diferite metode de blocare \u0219i \u0219tergere a modulelor cookie utilizate de site-uri web. Pute\u021bi modifica set\u0103rile browserului dvs. pentru a bloca\/\u0219terge modulele cookie. Mai jos sunt enumerate linkurile c\u0103tre documentele de asisten\u021b\u0103 privind modul de gestionare \u0219i \u0219tergere a modulelor cookie din principalele browsere web.Gestiona\u021bi preferin\u021bele cookie<\/p><p>Chrome: <a href=\"https:\/\/support.google.com\/accounts\/answer\/32050\" rel=\"noopener noreferrer\" target=\"_blank\">https:\/\/support.google.com\/accounts\/answer\/32050<\/a><\/p><p>Safari: <a href=\"https:\/\/support.apple.com\/en-in\/guide\/safari\/sfri11471\/mac\" rel=\"noopener noreferrer\" target=\"_blank\">https:\/\/support.apple.com\/en-in\/guide\/safari\/sfri11471\/mac<\/a><\/p><p>Firefox: <a href=\"https:\/\/support.mozilla.org\/en-US\/kb\/clear-cookies-and-site-data-firefox?redirectslug=delete-cookies-remove-info-websites-stored&#038;redirectlocale=en-US\" rel=\"noopener noreferrer\" target=\"_blank\">https:\/\/support.mozilla.org\/en-US\/kb\/clear-cookies-and-site-data-firefox?redirectslug=delete-cookies-remove-info-websites-stored&#038;redirectlocale=en-US<\/a><\/p><p>Internet Explorer: <a href=\"https:\/\/support.microsoft.com\/en-us\/topic\/how-to-delete-cookie-files-in-internet-explorer-bca9446f-d873-78de-77ba-d42645fa52fc\" rel=\"noopener noreferrer\" target=\"_blank\">https:\/\/support.microsoft.com\/en-us\/topic\/how-to-delete-cookie-files-in-internet-explorer-bca9446f-d873-78de-77ba-d42645fa52fc<\/a><\/p><p>Dac\u0103 utiliza\u021bi orice alt browser web, v\u0103 rug\u0103m s\u0103 vizita\u021bi documentele oficiale de asisten\u021b\u0103 ale browserului dvs.<\/p><\/div>\n\n\n&nbsp;\n<p class=\"cookie-policy-p\">\n    Cookie Policy Generated By  <a target=\"_blank\" href=\"https:\/\/www.cookieyes.com\/?utm_source=CP&#038;utm_medium=footer&#038;utm_campaign=UW\">CookieYes &#8211; Cookie Policy Generator<\/a>.\n<\/p>\t\t\t\t\t\t<\/div>\n\t\t\t\t<\/div>\n\t\t<\/div>\t\t\t\t\t<\/div>","protected":false},"excerpt":{"rendered":"<p>Politica de utilizare cookie Data intr\u0103rii \u00een vigoare: 19 iun-2025 Ultima actualizare: 19-iun-2025 &nbsp; Ce sunt modulele cookie? Aceast\u0103 politic\u0103 privind modulele cookie explic\u0103 ce sunt modulele cookie \u0219i cum le folosim, tipurile de module cookie pe care le folosim, adic\u0103 informa\u021biile pe care le colect\u0103m cu ajutorul modulelor cookie \u0219i cum sunt folosite aceste [&hellip;]<\/p>","protected":false},"author":1,"featured_media":0,"parent":0,"menu_order":0,"comment_status":"closed","ping_status":"closed","template":"elementor_canvas","meta":{"_monsterinsights_skip_tracking":false,"_monsterinsights_sitenote_active":false,"_monsterinsights_sitenote_note":"","_monsterinsights_sitenote_category":0,"footnotes":""},"class_list":["post-3605","page","type-page","status-publish","hentry"],"aioseo_notices":[],"_links":{"self":[{"href":"https:\/\/enkidumedia.com\/en\/wp-json\/wp\/v2\/pages\/3605"}],"collection":[{"href":"https:\/\/enkidumedia.com\/en\/wp-json\/wp\/v2\/pages"}],"about":[{"href":"https:\/\/enkidumedia.com\/en\/wp-json\/wp\/v2\/types\/page"}],"author":[{"embeddable":true,"href":"https:\/\/enkidumedia.com\/en\/wp-json\/wp\/v2\/users\/1"}],"replies":[{"embeddable":true,"href":"https:\/\/enkidumedia.com\/en\/wp-json\/wp\/v2\/comments?post=3605"}],"version-history":[{"count":13,"href":"https:\/\/enkidumedia.com\/en\/wp-json\/wp\/v2\/pages\/3605\/revisions"}],"predecessor-version":[{"id":3628,"href":"https:\/\/enkidumedia.com\/en\/wp-json\/wp\/v2\/pages\/3605\/revisions\/3628"}],"wp:attachment":[{"href":"https:\/\/enkidumedia.com\/en\/wp-json\/wp\/v2\/media?parent=3605"}],"curies":[{"name":"wp","href":"https:\/\/api.w.org\/{rel}","templated":true}]}}