{"id":3599,"date":"2025-06-19T12:37:29","date_gmt":"2025-06-19T12:37:29","guid":{"rendered":"https:\/\/enkidumedia.com\/?page_id=3599"},"modified":"2025-06-19T13:29:42","modified_gmt":"2025-06-19T13:29:42","slug":"politica-de-confidentialitate","status":"publish","type":"page","link":"https:\/\/enkidumedia.com\/en\/politica-de-confidentialitate\/","title":{"rendered":"Politica de confidentialitate"},"content":{"rendered":"<div data-elementor-type=\"wp-page\" data-elementor-id=\"3599\" class=\"elementor elementor-3599\">\n\t\t\t\t\t\t\t<div class=\"elementor-element elementor-element-258ca58 e-container--column e-container\" data-id=\"258ca58\" data-element_type=\"container\">\t\t\t\t<div class=\"elementor-element elementor-element-845a58c elementor-widget elementor-widget-heading\" data-id=\"845a58c\" data-element_type=\"widget\" data-widget_type=\"heading.default\">\n\t\t\t\t<div class=\"elementor-widget-container\">\n\t\t\t<style>\/*! elementor - v3.7.8 - 02-10-2022 *\/\n.elementor-heading-title{padding:0;margin:0;line-height:1}.elementor-widget-heading .elementor-heading-title[class*=elementor-size-]>a{color:inherit;font-size:inherit;line-height:inherit}.elementor-widget-heading .elementor-heading-title.elementor-size-small{font-size:15px}.elementor-widget-heading .elementor-heading-title.elementor-size-medium{font-size:19px}.elementor-widget-heading .elementor-heading-title.elementor-size-large{font-size:29px}.elementor-widget-heading .elementor-heading-title.elementor-size-xl{font-size:39px}.elementor-widget-heading .elementor-heading-title.elementor-size-xxl{font-size:59px}<\/style><h2 class=\"elementor-heading-title elementor-size-default\">Politica de confidentialitate\n<\/h2>\t\t<\/div>\n\t\t\t\t<\/div>\n\t\t\t\t<div class=\"elementor-element elementor-element-8cdd2f2 elementor-widget elementor-widget-text-editor\" data-id=\"8cdd2f2\" data-element_type=\"widget\" data-widget_type=\"text-editor.default\">\n\t\t\t\t<div class=\"elementor-widget-container\">\n\t\t\t<style>\/*! elementor - v3.7.8 - 02-10-2022 *\/\n.elementor-widget-text-editor.elementor-drop-cap-view-stacked .elementor-drop-cap{background-color:#818a91;color:#fff}.elementor-widget-text-editor.elementor-drop-cap-view-framed .elementor-drop-cap{color:#818a91;border:3px solid;background-color:transparent}.elementor-widget-text-editor:not(.elementor-drop-cap-view-default) .elementor-drop-cap{margin-top:8px}.elementor-widget-text-editor:not(.elementor-drop-cap-view-default) .elementor-drop-cap-letter{width:1em;height:1em}.elementor-widget-text-editor .elementor-drop-cap{float:left;text-align:center;line-height:1;font-size:50px}.elementor-widget-text-editor .elementor-drop-cap-letter{display:inline-block}<\/style>\t\t\t\t<p>Ultima actualizare: 19 iunie 2025 <br \/>Data intr\u0103rii \u00een vigoare: 19 iunie 2025 <br \/><br \/>Prezenta Politic\u0103 de confiden\u021bialitate descrie politicile Halcyon Media Production LLC, 1021 E Lincolnway Suite, Wyoming 82001, Statele Unite ale Americii (SUA), e-mail: contact@enkidumedia.com, telefon: 0784784336 privind colectarea, utilizarea \u0219i divulgarea informa\u021biilor dvs. pe care le colect\u0103m atunci c\u00e2nd utiliza\u021bi site-ul nostru web ( https:\/\/enkidumedia.com ). (denumit \u00een continuare \u201eServiciul\u201d). Prin accesarea sau utilizarea Serviciului, sunte\u021bi de acord cu colectarea, utilizarea \u0219i divulgarea informa\u021biilor dvs. \u00een conformitate cu prezenta Politic\u0103 de confiden\u021bialitate. Dac\u0103 nu sunte\u021bi de acord cu aceasta, v\u0103 rug\u0103m s\u0103 nu accesa\u021bi \u0219i s\u0103 nu utiliza\u021bi Serviciul. <br \/>Putem modifica prezenta Politic\u0103 de confiden\u021bialitate \u00een orice moment, f\u0103r\u0103 a v\u0103 informa \u00een prealabil, \u0219i vom publica Politica de confiden\u021bialitate revizuit\u0103 pe Serviciu. Politica revizuit\u0103 va intra \u00een vigoare la 180 de zile de la publicarea acesteia pe Serviciu, iar accesarea sau utilizarea \u00een continuare a Serviciului dup\u0103 aceast\u0103 perioad\u0103 va constitui acceptarea Politicii de confiden\u021bialitate revizuite. Prin urmare, v\u0103 recomand\u0103m s\u0103 consulta\u021bi periodic aceast\u0103 pagin\u0103. <br \/><br \/>Informa\u021biile pe care le colect\u0103m: <br \/>Vom colecta \u0219i prelucra urm\u0103toarele informa\u021bii personale despre dvs.: <br \/><br \/>Nume<br \/>E-mail<br \/><br \/>Cum utiliz\u0103m informa\u021biile dvs.: <br \/>Vom utiliza informa\u021biile pe care le colect\u0103m despre dvs. \u00een urm\u0103toarele scopuri: <br \/><br \/>Asisten\u021b\u0103<br \/>Dac\u0103 dorim s\u0103 utiliz\u0103m informa\u021biile dvs. \u00een orice alt scop, v\u0103 vom solicita consim\u021b\u0103m\u00e2ntul \u0219i vom utiliza informa\u021biile dvs. numai dup\u0103 ce vom primi consim\u021b\u0103m\u00e2ntul dvs. \u0219i numai \u00een scopul (scopurile) pentru care a\u021bi acordat consim\u021b\u0103m\u00e2ntul, cu excep\u021bia cazului \u00een care legea ne impune altfel. <br \/><br \/>Cum partaj\u0103m informa\u021biile dvs.: <br \/>Nu vom transfera informa\u021biile dvs. personale c\u0103tre ter\u021bi f\u0103r\u0103 a v\u0103 solicita consim\u021b\u0103m\u00e2ntul, cu excep\u021bia circumstan\u021belor limitate descrise mai jos: <br \/><br \/>Servicii publicitare<br \/>Analize<br \/>Colectarea \u0219i prelucrarea datelor<br \/>Solicit\u0103m acestor ter\u021bi s\u0103 utilizeze informa\u021biile personale pe care le transfer\u0103m c\u0103tre ei numai \u00een scopul pentru care au fost transferate \u0219i s\u0103 nu le p\u0103streze mai mult timp dec\u00e2t este necesar pentru \u00eendeplinirea scopului men\u021bionat. <br \/>De asemenea, putem divulga informa\u021biile dvs. personale \u00een urm\u0103toarele situa\u021bii: (1) pentru a respecta legile, reglement\u0103rile, ordinele judec\u0103tore\u0219ti sau alte proceduri legale aplicabile; (2) pentru a aplica acordurile dvs. cu noi, inclusiv prezenta Politic\u0103 de confiden\u021bialitate; sau (3) pentru a r\u0103spunde la reclama\u021bii conform c\u0103rora utilizarea Serviciului de c\u0103tre dvs. \u00eencalc\u0103 drepturile unor ter\u021be p\u0103r\u021bi. Dac\u0103 Serviciul sau compania noastr\u0103 fuzioneaz\u0103 sau este achizi\u021bionat\u0103 de o alt\u0103 companie, informa\u021biile dvs. vor fi unul dintre activele transferate noului proprietar. <br \/><br \/>P\u0103strarea informa\u021biilor dvs.: <br \/>Vom p\u0103stra informa\u021biile dvs. personale timp de 90 de zile p\u00e2n\u0103 la 2 ani dup\u0103 ce utilizatorii \u00ee\u0219i \u00eenchid conturile sau at\u00e2t timp c\u00e2t avem nevoie de ele pentru a \u00eendeplini scopurile pentru care au fost colectate, a\u0219a cum este detaliat \u00een prezenta Politic\u0103 de confiden\u021bialitate. Este posibil s\u0103 fie necesar s\u0103 p\u0103str\u0103m anumite informa\u021bii pentru perioade mai lungi, cum ar fi p\u0103strarea eviden\u021belor\/raportarea \u00een conformitate cu legisla\u021bia aplicabil\u0103 sau din alte motive legitime, cum ar fi aplicarea drepturilor legale, prevenirea fraudei etc. Informa\u021biile anonime reziduale \u0219i informa\u021biile agregate, care nu v\u0103 identific\u0103 (direct sau indirect), pot fi stocate pe termen nelimitat. <br \/><br \/>Drepturile dvs.: <br \/>\u00cen func\u021bie de legisla\u021bia aplicabil\u0103, pute\u021bi avea dreptul de a accesa \u0219i rectifica sau \u0219terge datele dvs. personale sau de a primi o copie a datelor dvs. personale, de a restric\u021biona sau de a v\u0103 opune prelucr\u0103rii active a datelor dvs., de a ne solicita s\u0103 partaj\u0103m (transfer\u0103m) informa\u021biile dvs. personale c\u0103tre o alt\u0103 entitate, de a retrage orice consim\u021b\u0103m\u00e2nt pe care ni l-a\u021bi acordat pentru prelucrarea datelor dvs., dreptul de a depune o pl\u00e2ngere la o autoritate statutar\u0103 \u0219i alte drepturi relevante \u00een conformitate cu legisla\u021bia aplicabil\u0103. Pentru a v\u0103 exercita aceste drepturi, ne pute\u021bi scrie la contact@enkidumedia.com. Vom r\u0103spunde la solicitarea dvs. \u00een conformitate cu legisla\u021bia aplicabil\u0103. <br \/>Re\u021bine\u021bi c\u0103, dac\u0103 nu ne permite\u021bi s\u0103 colect\u0103m sau s\u0103 prelucr\u0103m informa\u021biile personale necesare sau retrage\u021bi consim\u021b\u0103m\u00e2ntul pentru prelucrarea acestora \u00een scopurile necesare, este posibil s\u0103 nu pute\u021bi accesa sau utiliza serviciile pentru care au fost solicitate informa\u021biile dvs. <br \/><br \/>Cookie-uri etc. <br \/>Pentru a afla mai multe despre modul \u00een care utiliz\u0103m aceste tehnologii de urm\u0103rire \u0219i despre op\u021biunile dvs. \u00een leg\u0103tur\u0103 cu acestea, v\u0103 rug\u0103m s\u0103 consulta\u021bi Politica noastr\u0103 privind cookie-urile. <br \/><br \/>Securitate: <br \/>Securitatea informa\u021biilor dvs. este important\u0103 pentru noi \u0219i vom utiliza m\u0103suri de securitate rezonabile pentru a preveni pierderea, utilizarea necorespunz\u0103toare sau modificarea neautorizat\u0103 a informa\u021biilor dvs. aflate sub controlul nostru. Cu toate acestea, av\u00e2nd \u00een vedere riscurile inerente, nu putem garanta securitatea absolut\u0103 \u0219i, \u00een consecin\u021b\u0103, nu putem asigura sau garanta securitatea informa\u021biilor pe care ni le transmite\u021bi, iar dvs. face\u021bi acest lucru pe propriul risc.<\/p><p>Linkuri c\u0103tre ter\u021bi \u0219i utilizarea informa\u021biilor dvs.: <br \/>Serviciul nostru poate con\u021bine linkuri c\u0103tre alte site-uri web care nu sunt operate de noi. Prezenta Politic\u0103 de confiden\u021bialitate nu se refer\u0103 la politica de confiden\u021bialitate \u0219i alte practici ale ter\u021bilor, inclusiv ale ter\u021bilor care opereaz\u0103 orice site web sau serviciu care poate fi accesat prin intermediul unui link din cadrul Serviciului. V\u0103 recomand\u0103m insistent s\u0103 consulta\u021bi politica de confiden\u021bialitate a fiec\u0103rui site pe care \u00eel vizita\u021bi. Nu avem control \u0219i nu ne asum\u0103m nicio responsabilitate pentru con\u021binutul, politicile de confiden\u021bialitate sau practicile site-urilor sau serviciilor ter\u021be. <br \/><br \/>Reclama\u021bii \/ Responsabilul cu protec\u021bia datelor: <br \/>Dac\u0103 ave\u021bi \u00eentreb\u0103ri sau nel\u0103muriri cu privire la prelucrarea informa\u021biilor dvs. pe care le de\u021binem, pute\u021bi trimite un e-mail responsabilului nostru cu reclama\u021biile la Halcyon Media Production LLC, 1021 E Lincolnway Suite, e-mail: contact@enkidumedia.com. Vom r\u0103spunde nel\u0103muririlor dvs. \u00een conformitate cu legisla\u021bia aplicabil\u0103.<\/p>\t\t\t\t\t\t<\/div>\n\t\t\t\t<\/div>\n\t\t<\/div>\t\t\t\t\t<\/div>","protected":false},"excerpt":{"rendered":"<p>Politica de confidentialitate Ultima actualizare: 19 iunie 2025 Data intr\u0103rii \u00een vigoare: 19 iunie 2025 Prezenta Politic\u0103 de confiden\u021bialitate descrie politicile Halcyon Media Production LLC, 1021 E Lincolnway Suite, Wyoming 82001, Statele Unite ale Americii (SUA), e-mail: contact@enkidumedia.com, telefon: 0784784336 privind colectarea, utilizarea \u0219i divulgarea informa\u021biilor dvs. pe care le colect\u0103m atunci c\u00e2nd utiliza\u021bi site-ul [&hellip;]<\/p>","protected":false},"author":1,"featured_media":0,"parent":0,"menu_order":0,"comment_status":"closed","ping_status":"closed","template":"elementor_canvas","meta":{"_monsterinsights_skip_tracking":false,"_monsterinsights_sitenote_active":false,"_monsterinsights_sitenote_note":"","_monsterinsights_sitenote_category":0,"footnotes":""},"class_list":["post-3599","page","type-page","status-publish","hentry"],"aioseo_notices":[],"_links":{"self":[{"href":"https:\/\/enkidumedia.com\/en\/wp-json\/wp\/v2\/pages\/3599"}],"collection":[{"href":"https:\/\/enkidumedia.com\/en\/wp-json\/wp\/v2\/pages"}],"about":[{"href":"https:\/\/enkidumedia.com\/en\/wp-json\/wp\/v2\/types\/page"}],"author":[{"embeddable":true,"href":"https:\/\/enkidumedia.com\/en\/wp-json\/wp\/v2\/users\/1"}],"replies":[{"embeddable":true,"href":"https:\/\/enkidumedia.com\/en\/wp-json\/wp\/v2\/comments?post=3599"}],"version-history":[{"count":10,"href":"https:\/\/enkidumedia.com\/en\/wp-json\/wp\/v2\/pages\/3599\/revisions"}],"predecessor-version":[{"id":3632,"href":"https:\/\/enkidumedia.com\/en\/wp-json\/wp\/v2\/pages\/3599\/revisions\/3632"}],"wp:attachment":[{"href":"https:\/\/enkidumedia.com\/en\/wp-json\/wp\/v2\/media?parent=3599"}],"curies":[{"name":"wp","href":"https:\/\/api.w.org\/{rel}","templated":true}]}}